{"id":462,"date":"2024-02-27T10:16:02","date_gmt":"2024-02-27T10:16:02","guid":{"rendered":"https:\/\/spirualoe.com\/?post_type=product&#038;p=462"},"modified":"2025-04-26T01:28:11","modified_gmt":"2025-04-26T01:28:11","slug":"shampooing-cheveux-gras","status":"publish","type":"product","link":"https:\/\/spirualoe.com\/?product=shampooing-cheveux-gras","title":{"rendered":"Shampooing Cheveux Gras"},"content":{"rendered":"<p><span class=\"fontstyle0\">Ce shampoing aide \u00e0 \u00e9liminer l\u2019exc\u00e8s de s\u00e9bum et les impuret\u00e9s qui peuvent s&rsquo;accumuler sur le cuir chevelu et les cheveux.<\/span><\/p>\n<p><span class=\"fontstyle0\">Il aide \u00e9galement \u00e0 nourrir les cheveux et \u00e0 les maintenir brillants et souples.<\/span><\/p>\n<p><span class=\"fontstyle0\">Le Naturel shampoing permet de r\u00e9tablir l\u2019\u00e9quilibre naturel du pH du cuir chevelu<\/span><\/p>\n","protected":false},"excerpt":{"rendered":"<p><span class=\"fontstyle0\">Ce shampoing aide \u00e0 \u00e9liminer l\u2019exc\u00e8s de s\u00e9bum et les impuret\u00e9s qui peuvent s&rsquo;accumuler sur le cuir chevelu et les cheveux.<\/span><\/p>\n<p><span class=\"fontstyle0\">Il aide \u00e9galement \u00e0 nourrir les cheveux et \u00e0 les maintenir brillants et souples.<\/span><\/p>\n<p><span class=\"fontstyle0\">Le Naturel shampoing permet de r\u00e9tablir l\u2019\u00e9quilibre naturel du pH du cuir chevelu<\/span><\/p>\n","protected":false},"featured_media":463,"comment_status":"open","ping_status":"closed","template":"","meta":[],"product_cat":[72],"product_tag":[],"class_list":{"0":"post-462","1":"product","2":"type-product","3":"status-publish","4":"has-post-thumbnail","6":"product_cat-soin-cheveux","8":"first","9":"instock","10":"shipping-taxable","11":"product-type-simple"},"_links":{"self":[{"href":"https:\/\/spirualoe.com\/index.php?rest_route=\/wp\/v2\/product\/462","targetHints":{"allow":["GET"]}}],"collection":[{"href":"https:\/\/spirualoe.com\/index.php?rest_route=\/wp\/v2\/product"}],"about":[{"href":"https:\/\/spirualoe.com\/index.php?rest_route=\/wp\/v2\/types\/product"}],"replies":[{"embeddable":true,"href":"https:\/\/spirualoe.com\/index.php?rest_route=%2Fwp%2Fv2%2Fcomments&post=462"}],"wp:featuredmedia":[{"embeddable":true,"href":"https:\/\/spirualoe.com\/index.php?rest_route=\/wp\/v2\/media\/463"}],"wp:attachment":[{"href":"https:\/\/spirualoe.com\/index.php?rest_route=%2Fwp%2Fv2%2Fmedia&parent=462"}],"wp:term":[{"taxonomy":"product_cat","embeddable":true,"href":"https:\/\/spirualoe.com\/index.php?rest_route=%2Fwp%2Fv2%2Fproduct_cat&post=462"},{"taxonomy":"product_tag","embeddable":true,"href":"https:\/\/spirualoe.com\/index.php?rest_route=%2Fwp%2Fv2%2Fproduct_tag&post=462"}],"curies":[{"name":"wp","href":"https:\/\/api.w.org\/{rel}","templated":true}]}}