{"id":459,"date":"2024-02-27T10:08:38","date_gmt":"2024-02-27T10:08:38","guid":{"rendered":"https:\/\/spirualoe.com\/?post_type=product&#038;p=459"},"modified":"2024-11-14T09:51:07","modified_gmt":"2024-11-14T09:51:07","slug":"mousse-nettoyante","status":"publish","type":"product","link":"https:\/\/spirualoe.com\/?product=mousse-nettoyante","title":{"rendered":"Mousse Nettoyante"},"content":{"rendered":"<p><span class=\"fontstyle0\">La mousse nettoyante est une solution d\u2019hygi\u00e8ne au quotidien qui offre une application douce tout en \u00e9liminant efficacement les impuret\u00e9s sans fragiliser la peau du visage.<\/span><\/p>\n","protected":false},"excerpt":{"rendered":"<p><span class=\"fontstyle0\">La mousse nettoyante est une solution d\u2019hygi\u00e8ne au quotidien qui offre une application douce tout en \u00e9liminant efficacement les impuret\u00e9s sans fragiliser la peau du visage.<\/span><\/p>\n","protected":false},"featured_media":458,"comment_status":"open","ping_status":"closed","template":"","meta":[],"product_cat":[70],"product_tag":[],"class_list":{"0":"post-459","1":"product","2":"type-product","3":"status-publish","4":"has-post-thumbnail","6":"product_cat-nettoyage","8":"first","9":"instock","10":"shipping-taxable","11":"product-type-simple"},"_links":{"self":[{"href":"https:\/\/spirualoe.com\/index.php?rest_route=\/wp\/v2\/product\/459","targetHints":{"allow":["GET"]}}],"collection":[{"href":"https:\/\/spirualoe.com\/index.php?rest_route=\/wp\/v2\/product"}],"about":[{"href":"https:\/\/spirualoe.com\/index.php?rest_route=\/wp\/v2\/types\/product"}],"replies":[{"embeddable":true,"href":"https:\/\/spirualoe.com\/index.php?rest_route=%2Fwp%2Fv2%2Fcomments&post=459"}],"wp:featuredmedia":[{"embeddable":true,"href":"https:\/\/spirualoe.com\/index.php?rest_route=\/wp\/v2\/media\/458"}],"wp:attachment":[{"href":"https:\/\/spirualoe.com\/index.php?rest_route=%2Fwp%2Fv2%2Fmedia&parent=459"}],"wp:term":[{"taxonomy":"product_cat","embeddable":true,"href":"https:\/\/spirualoe.com\/index.php?rest_route=%2Fwp%2Fv2%2Fproduct_cat&post=459"},{"taxonomy":"product_tag","embeddable":true,"href":"https:\/\/spirualoe.com\/index.php?rest_route=%2Fwp%2Fv2%2Fproduct_tag&post=459"}],"curies":[{"name":"wp","href":"https:\/\/api.w.org\/{rel}","templated":true}]}}