{"id":455,"date":"2024-02-27T10:05:25","date_gmt":"2024-02-27T10:05:25","guid":{"rendered":"https:\/\/spirualoe.com\/?post_type=product&#038;p=455"},"modified":"2024-02-27T10:05:25","modified_gmt":"2024-02-27T10:05:25","slug":"lait-de-corps","status":"publish","type":"product","link":"https:\/\/spirualoe.com\/?product=lait-de-corps","title":{"rendered":"Lait de corps"},"content":{"rendered":"<p><span class=\"fontstyle0\">On retrouve dans ce lait de corps soyeux toutes les vertus propres \u00e0 la soie : Brillance,<\/span><\/p>\n<p><span class=\"fontstyle0\">Douceur et El\u00e9gance. Il hydrate et nourrit la peau tout en retardant la repousse des poils gr\u00e2ce \u00e0 sa richesse en actif naturel BIO (Beurre de Karit\u00e9).<\/span><\/p>\n<p><span class=\"fontstyle0\">Sa formule est tr\u00e8s riche en actifs nourrissants (beurre de cacao, huile d\u2019amande douce) ce qui permet d\u2019avoir une peau douce, satin\u00e9e et d\u00e9licieusement parfum\u00e9e.<\/span><\/p>\n","protected":false},"excerpt":{"rendered":"<p><span class=\"fontstyle0\">On retrouve dans ce lait de corps soyeux toutes les vertus propres \u00e0 la soie : Brillance,<\/span><\/p>\n<p><span class=\"fontstyle0\">Douceur et El\u00e9gance. Il hydrate et nourrit la peau tout en retardant la repousse des poils gr\u00e2ce \u00e0 sa richesse en actif naturel BIO (Beurre de Karit\u00e9).<\/span><\/p>\n<p><span class=\"fontstyle0\">Sa formule est tr\u00e8s riche en actifs nourrissants (beurre de cacao, huile d\u2019amande douce) ce qui permet d\u2019avoir une peau douce, satin\u00e9e et d\u00e9licieusement parfum\u00e9e.<\/span><\/p>\n","protected":false},"featured_media":456,"comment_status":"open","ping_status":"closed","template":"","meta":[],"product_cat":[15],"product_tag":[],"class_list":{"0":"post-455","1":"product","2":"type-product","3":"status-publish","4":"has-post-thumbnail","6":"product_cat-uncategorized","8":"first","9":"instock","10":"shipping-taxable","11":"product-type-simple"},"_links":{"self":[{"href":"https:\/\/spirualoe.com\/index.php?rest_route=\/wp\/v2\/product\/455","targetHints":{"allow":["GET"]}}],"collection":[{"href":"https:\/\/spirualoe.com\/index.php?rest_route=\/wp\/v2\/product"}],"about":[{"href":"https:\/\/spirualoe.com\/index.php?rest_route=\/wp\/v2\/types\/product"}],"replies":[{"embeddable":true,"href":"https:\/\/spirualoe.com\/index.php?rest_route=%2Fwp%2Fv2%2Fcomments&post=455"}],"wp:featuredmedia":[{"embeddable":true,"href":"https:\/\/spirualoe.com\/index.php?rest_route=\/wp\/v2\/media\/456"}],"wp:attachment":[{"href":"https:\/\/spirualoe.com\/index.php?rest_route=%2Fwp%2Fv2%2Fmedia&parent=455"}],"wp:term":[{"taxonomy":"product_cat","embeddable":true,"href":"https:\/\/spirualoe.com\/index.php?rest_route=%2Fwp%2Fv2%2Fproduct_cat&post=455"},{"taxonomy":"product_tag","embeddable":true,"href":"https:\/\/spirualoe.com\/index.php?rest_route=%2Fwp%2Fv2%2Fproduct_tag&post=455"}],"curies":[{"name":"wp","href":"https:\/\/api.w.org\/{rel}","templated":true}]}}