{"id":446,"date":"2024-02-27T09:54:57","date_gmt":"2024-02-27T09:54:57","guid":{"rendered":"https:\/\/spirualoe.com\/?post_type=product&#038;p=446"},"modified":"2024-11-14T09:50:13","modified_gmt":"2024-11-14T09:50:13","slug":"gel-anti-fongique","status":"publish","type":"product","link":"https:\/\/spirualoe.com\/?product=gel-anti-fongique","title":{"rendered":"Gel Anti-Fongique"},"content":{"rendered":"<p><span class=\"fontstyle0\">Le gel d\u2019Aloe Vera pure traite la mycose des ongles caus\u00e9e par une infection fongique, une atrophie, des irr\u00e9gularit\u00e9s, un \u00e9paississement, une rupture, un jaunissement, une perte, etc\u2026<\/span><\/p>\n<p><span class=\"fontstyle0\">L&rsquo;utilisation \u00e0 long terme favorise la production de prot\u00e9ines cellulaires et renforce la fonction de r\u00e9paration des ongles, de sorte que les ongles poussent sainement.<\/span><\/p>\n<p><span class=\"fontstyle0\">Il convient aux personnes ayant des probl\u00e8mes d&rsquo;ongles<\/span><\/p>\n","protected":false},"excerpt":{"rendered":"<p><span class=\"fontstyle0\">Le gel d\u2019Aloe Vera pure traite la mycose des ongles caus\u00e9e par une infection fongique, une atrophie, des irr\u00e9gularit\u00e9s, un \u00e9paississement, une rupture, un jaunissement, une perte, etc\u2026<\/span><\/p>\n<p><span class=\"fontstyle0\">L&rsquo;utilisation \u00e0 long terme favorise la production de prot\u00e9ines cellulaires et renforce la fonction de r\u00e9paration des ongles, de sorte que les ongles poussent sainement.<\/span><\/p>\n<p><span class=\"fontstyle0\">Il convient aux personnes ayant des probl\u00e8mes d&rsquo;ongles<\/span><\/p>\n","protected":false},"featured_media":447,"comment_status":"open","ping_status":"closed","template":"","meta":[],"product_cat":[74],"product_tag":[],"class_list":{"0":"post-446","1":"product","2":"type-product","3":"status-publish","4":"has-post-thumbnail","6":"product_cat-soin-hygiene","8":"first","9":"instock","10":"shipping-taxable","11":"product-type-simple"},"_links":{"self":[{"href":"https:\/\/spirualoe.com\/index.php?rest_route=\/wp\/v2\/product\/446","targetHints":{"allow":["GET"]}}],"collection":[{"href":"https:\/\/spirualoe.com\/index.php?rest_route=\/wp\/v2\/product"}],"about":[{"href":"https:\/\/spirualoe.com\/index.php?rest_route=\/wp\/v2\/types\/product"}],"replies":[{"embeddable":true,"href":"https:\/\/spirualoe.com\/index.php?rest_route=%2Fwp%2Fv2%2Fcomments&post=446"}],"wp:featuredmedia":[{"embeddable":true,"href":"https:\/\/spirualoe.com\/index.php?rest_route=\/wp\/v2\/media\/447"}],"wp:attachment":[{"href":"https:\/\/spirualoe.com\/index.php?rest_route=%2Fwp%2Fv2%2Fmedia&parent=446"}],"wp:term":[{"taxonomy":"product_cat","embeddable":true,"href":"https:\/\/spirualoe.com\/index.php?rest_route=%2Fwp%2Fv2%2Fproduct_cat&post=446"},{"taxonomy":"product_tag","embeddable":true,"href":"https:\/\/spirualoe.com\/index.php?rest_route=%2Fwp%2Fv2%2Fproduct_tag&post=446"}],"curies":[{"name":"wp","href":"https:\/\/api.w.org\/{rel}","templated":true}]}}