{"id":444,"date":"2024-02-27T09:42:40","date_gmt":"2024-02-27T09:42:40","guid":{"rendered":"https:\/\/spirualoe.com\/?post_type=product&#038;p=444"},"modified":"2024-11-14T09:49:56","modified_gmt":"2024-11-14T09:49:56","slug":"creme-hyratante-creme-royale","status":"publish","type":"product","link":"https:\/\/spirualoe.com\/?product=creme-hyratante-creme-royale","title":{"rendered":"Cr\u00e8me Hyratante Cr\u00e8me Royale"},"content":{"rendered":"<p><span class=\"fontstyle0\">La cr\u00e8me Royale hydratante \u00e0 l\u2019Aloe Vera, l\u2019huile de p\u00e9pin de figue de barbarie et l\u2019huile d\u2019amande douce apporte une hydratation intense \u00e0 la peau et lui rendre son \u00e9lasticit\u00e9 avec la provitamine B5 et le Vitamine E<\/span><\/p>\n","protected":false},"excerpt":{"rendered":"<p><span class=\"fontstyle0\">La cr\u00e8me Royale hydratante \u00e0 l\u2019Aloe Vera, l\u2019huile de p\u00e9pin de figue de barbarie et l\u2019huile d\u2019amande douce apporte une hydratation intense \u00e0 la peau et lui rendre son \u00e9lasticit\u00e9 avec la provitamine B5 et le Vitamine E<\/span><\/p>\n","protected":false},"featured_media":445,"comment_status":"open","ping_status":"closed","template":"","meta":[],"product_cat":[71],"product_tag":[],"class_list":{"0":"post-444","1":"product","2":"type-product","3":"status-publish","4":"has-post-thumbnail","6":"product_cat-soin-visage","8":"first","9":"instock","10":"shipping-taxable","11":"product-type-simple"},"_links":{"self":[{"href":"https:\/\/spirualoe.com\/index.php?rest_route=\/wp\/v2\/product\/444","targetHints":{"allow":["GET"]}}],"collection":[{"href":"https:\/\/spirualoe.com\/index.php?rest_route=\/wp\/v2\/product"}],"about":[{"href":"https:\/\/spirualoe.com\/index.php?rest_route=\/wp\/v2\/types\/product"}],"replies":[{"embeddable":true,"href":"https:\/\/spirualoe.com\/index.php?rest_route=%2Fwp%2Fv2%2Fcomments&post=444"}],"wp:featuredmedia":[{"embeddable":true,"href":"https:\/\/spirualoe.com\/index.php?rest_route=\/wp\/v2\/media\/445"}],"wp:attachment":[{"href":"https:\/\/spirualoe.com\/index.php?rest_route=%2Fwp%2Fv2%2Fmedia&parent=444"}],"wp:term":[{"taxonomy":"product_cat","embeddable":true,"href":"https:\/\/spirualoe.com\/index.php?rest_route=%2Fwp%2Fv2%2Fproduct_cat&post=444"},{"taxonomy":"product_tag","embeddable":true,"href":"https:\/\/spirualoe.com\/index.php?rest_route=%2Fwp%2Fv2%2Fproduct_tag&post=444"}],"curies":[{"name":"wp","href":"https:\/\/api.w.org\/{rel}","templated":true}]}}