{"id":437,"date":"2024-02-27T09:11:09","date_gmt":"2024-02-27T09:11:09","guid":{"rendered":"https:\/\/spirualoe.com\/?post_type=product&#038;p=437"},"modified":"2024-02-27T09:11:10","modified_gmt":"2024-02-27T09:11:10","slug":"creme-apaisante","status":"publish","type":"product","link":"https:\/\/spirualoe.com\/?product=creme-apaisante","title":{"rendered":"Cr\u00e8me Apaisante"},"content":{"rendered":"<p><span class=\"fontstyle0\">Cette cr\u00e8me est tr\u00e8s riche en extrait d\u2019Aloe Vera, elle permet d\u2019hydrater les peaux sensibles et d\u2019apaiser celles ayant une agression ext\u00e9rieure (apr\u00e8s \u00e9pilation et post traitement laser). La cr\u00e8me apaisante apporte \u00e0 l\u2019\u00e9piderme une sensation de douceur et de souplesse.<\/span><\/p>\n","protected":false},"excerpt":{"rendered":"<p><span class=\"fontstyle0\">Cette cr\u00e8me est tr\u00e8s riche en extrait d\u2019Aloe Vera, elle permet d\u2019hydrater les peaux sensibles et d\u2019apaiser celles ayant une agression ext\u00e9rieure (apr\u00e8s \u00e9pilation et post traitement laser). La cr\u00e8me apaisante apporte \u00e0 l\u2019\u00e9piderme une sensation de douceur et de souplesse.<\/span><\/p>\n","protected":false},"featured_media":438,"comment_status":"open","ping_status":"closed","template":"","meta":[],"product_cat":[15],"product_tag":[],"class_list":{"0":"post-437","1":"product","2":"type-product","3":"status-publish","4":"has-post-thumbnail","6":"product_cat-uncategorized","8":"first","9":"instock","10":"shipping-taxable","11":"product-type-simple"},"_links":{"self":[{"href":"https:\/\/spirualoe.com\/index.php?rest_route=\/wp\/v2\/product\/437","targetHints":{"allow":["GET"]}}],"collection":[{"href":"https:\/\/spirualoe.com\/index.php?rest_route=\/wp\/v2\/product"}],"about":[{"href":"https:\/\/spirualoe.com\/index.php?rest_route=\/wp\/v2\/types\/product"}],"replies":[{"embeddable":true,"href":"https:\/\/spirualoe.com\/index.php?rest_route=%2Fwp%2Fv2%2Fcomments&post=437"}],"wp:featuredmedia":[{"embeddable":true,"href":"https:\/\/spirualoe.com\/index.php?rest_route=\/wp\/v2\/media\/438"}],"wp:attachment":[{"href":"https:\/\/spirualoe.com\/index.php?rest_route=%2Fwp%2Fv2%2Fmedia&parent=437"}],"wp:term":[{"taxonomy":"product_cat","embeddable":true,"href":"https:\/\/spirualoe.com\/index.php?rest_route=%2Fwp%2Fv2%2Fproduct_cat&post=437"},{"taxonomy":"product_tag","embeddable":true,"href":"https:\/\/spirualoe.com\/index.php?rest_route=%2Fwp%2Fv2%2Fproduct_tag&post=437"}],"curies":[{"name":"wp","href":"https:\/\/api.w.org\/{rel}","templated":true}]}}