{"id":435,"date":"2024-02-27T09:08:39","date_gmt":"2024-02-27T09:08:39","guid":{"rendered":"https:\/\/spirualoe.com\/?post_type=product&#038;p=435"},"modified":"2024-02-27T09:08:39","modified_gmt":"2024-02-27T09:08:39","slug":"creme-anti-taches-brunes","status":"publish","type":"product","link":"https:\/\/spirualoe.com\/?product=creme-anti-taches-brunes","title":{"rendered":"Cr\u00e8me Anti-T\u00e2ches Brunes"},"content":{"rendered":"<p><span class=\"fontstyle0\">La cr\u00e8me Anti Taches Brunes est hautement concentr\u00e9e en Vitamine C Stabilis\u00e9e qui est un actif \u00e9claircissant, \u00ab\u00a0\u00e9clat du teint\u00a0\u00bb et anti-taches et un antioxydant d&rsquo;exception stimule la synth\u00e8se du collag\u00e8ne, prot\u00e8ge les cellules des d\u00e9g\u00e2ts caus\u00e9s par les radicaux libres et unifie le teint.<\/span><\/p>\n<p>&nbsp;<\/p>\n<p><span class=\"fontstyle0\">Cette cr\u00e8me est riche en Aloe Vera, l\u2019Huile de Carotte et l\u2019Acide de Fruits qui offrent les compl\u00e9mentarit\u00e9s de beaut\u00e9 suivantes :<\/span><\/p>\n<p>&nbsp;<\/p>\n<p><span class=\"fontstyle2\">rajeunissant, Gommant, \u00e9claircissant, adoucissan<\/span><span class=\"fontstyle0\">t. La vitamine E et A \u00e9liminent les taches noires et donne un teint clair et uniforme<\/span><\/p>\n","protected":false},"excerpt":{"rendered":"<p><span class=\"fontstyle0\">La cr\u00e8me Anti Taches Brunes est hautement concentr\u00e9e en Vitamine C Stabilis\u00e9e qui est un actif \u00e9claircissant, \u00ab\u00a0\u00e9clat du teint\u00a0\u00bb et anti-taches et un antioxydant d&rsquo;exception stimule la synth\u00e8se du collag\u00e8ne, prot\u00e8ge les cellules des d\u00e9g\u00e2ts caus\u00e9s par les radicaux libres et unifie le teint.<\/span><\/p>\n<p>&nbsp;<\/p>\n<p><span class=\"fontstyle0\">Cette cr\u00e8me est riche en Aloe Vera, l\u2019Huile de Carotte et l\u2019Acide de Fruits qui offrent les compl\u00e9mentarit\u00e9s de beaut\u00e9 suivantes :<\/span><\/p>\n<p>&nbsp;<\/p>\n<p><span class=\"fontstyle2\">rajeunissant, Gommant, \u00e9claircissant, adoucissan<\/span><span class=\"fontstyle0\">t. La vitamine E et A \u00e9liminent les taches noires et donne un teint clair et uniforme<\/span><\/p>\n","protected":false},"featured_media":436,"comment_status":"open","ping_status":"closed","template":"","meta":[],"product_cat":[15],"product_tag":[],"class_list":{"0":"post-435","1":"product","2":"type-product","3":"status-publish","4":"has-post-thumbnail","6":"product_cat-uncategorized","8":"first","9":"instock","10":"shipping-taxable","11":"product-type-simple"},"_links":{"self":[{"href":"https:\/\/spirualoe.com\/index.php?rest_route=\/wp\/v2\/product\/435","targetHints":{"allow":["GET"]}}],"collection":[{"href":"https:\/\/spirualoe.com\/index.php?rest_route=\/wp\/v2\/product"}],"about":[{"href":"https:\/\/spirualoe.com\/index.php?rest_route=\/wp\/v2\/types\/product"}],"replies":[{"embeddable":true,"href":"https:\/\/spirualoe.com\/index.php?rest_route=%2Fwp%2Fv2%2Fcomments&post=435"}],"wp:featuredmedia":[{"embeddable":true,"href":"https:\/\/spirualoe.com\/index.php?rest_route=\/wp\/v2\/media\/436"}],"wp:attachment":[{"href":"https:\/\/spirualoe.com\/index.php?rest_route=%2Fwp%2Fv2%2Fmedia&parent=435"}],"wp:term":[{"taxonomy":"product_cat","embeddable":true,"href":"https:\/\/spirualoe.com\/index.php?rest_route=%2Fwp%2Fv2%2Fproduct_cat&post=435"},{"taxonomy":"product_tag","embeddable":true,"href":"https:\/\/spirualoe.com\/index.php?rest_route=%2Fwp%2Fv2%2Fproduct_tag&post=435"}],"curies":[{"name":"wp","href":"https:\/\/api.w.org\/{rel}","templated":true}]}}