{"id":432,"date":"2024-02-27T09:00:55","date_gmt":"2024-02-27T09:00:55","guid":{"rendered":"https:\/\/spirualoe.com\/?post_type=product&#038;p=432"},"modified":"2024-02-27T09:00:55","modified_gmt":"2024-02-27T09:00:55","slug":"creme-anti-moustique","status":"publish","type":"product","link":"https:\/\/spirualoe.com\/?product=creme-anti-moustique","title":{"rendered":"Cr\u00e8me Anti-Moustique"},"content":{"rendered":"<p><span class=\"fontstyle0\">La cr\u00e8me Anti-Moustiques est tr\u00e8s riche en Aloe Vera qui permet de compenser les pertes en eau de la peau. Elle est riche \u00e9galement des huiles essentielles qui soulagent les peaux sujettes \u00e0 irritations et piqures des moustiques.<\/span><\/p>\n","protected":false},"excerpt":{"rendered":"<p><span class=\"fontstyle0\">La cr\u00e8me Anti-Moustiques est tr\u00e8s riche en Aloe Vera qui permet de compenser les pertes en eau de la peau. Elle est riche \u00e9galement des huiles essentielles qui soulagent les peaux sujettes \u00e0 irritations et piqures des moustiques.<\/span><\/p>\n","protected":false},"featured_media":433,"comment_status":"open","ping_status":"closed","template":"","meta":[],"product_cat":[75],"product_tag":[],"class_list":{"0":"post-432","1":"product","2":"type-product","3":"status-publish","4":"has-post-thumbnail","6":"product_cat-bien-etre","8":"first","9":"instock","10":"shipping-taxable","11":"product-type-simple"},"_links":{"self":[{"href":"https:\/\/spirualoe.com\/index.php?rest_route=\/wp\/v2\/product\/432","targetHints":{"allow":["GET"]}}],"collection":[{"href":"https:\/\/spirualoe.com\/index.php?rest_route=\/wp\/v2\/product"}],"about":[{"href":"https:\/\/spirualoe.com\/index.php?rest_route=\/wp\/v2\/types\/product"}],"replies":[{"embeddable":true,"href":"https:\/\/spirualoe.com\/index.php?rest_route=%2Fwp%2Fv2%2Fcomments&post=432"}],"wp:featuredmedia":[{"embeddable":true,"href":"https:\/\/spirualoe.com\/index.php?rest_route=\/wp\/v2\/media\/433"}],"wp:attachment":[{"href":"https:\/\/spirualoe.com\/index.php?rest_route=%2Fwp%2Fv2%2Fmedia&parent=432"}],"wp:term":[{"taxonomy":"product_cat","embeddable":true,"href":"https:\/\/spirualoe.com\/index.php?rest_route=%2Fwp%2Fv2%2Fproduct_cat&post=432"},{"taxonomy":"product_tag","embeddable":true,"href":"https:\/\/spirualoe.com\/index.php?rest_route=%2Fwp%2Fv2%2Fproduct_tag&post=432"}],"curies":[{"name":"wp","href":"https:\/\/api.w.org\/{rel}","templated":true}]}}