{"id":427,"date":"2024-02-27T08:54:13","date_gmt":"2024-02-27T08:54:13","guid":{"rendered":"https:\/\/spirualoe.com\/?post_type=product&#038;p=427"},"modified":"2024-02-27T08:58:23","modified_gmt":"2024-02-27T08:58:23","slug":"creme-anti-rides","status":"publish","type":"product","link":"https:\/\/spirualoe.com\/?product=creme-anti-rides","title":{"rendered":"Cr\u00e8me Anti-Age"},"content":{"rendered":"<p><span class=\"fontstyle0\">La cr\u00e8me Anti-Rides est hautement concentr\u00e9e en actifs v\u00e9g\u00e9taux pr\u00e9cieux tel que l\u2019huile d\u2019amande douce, l\u2019huile de p\u00e9pin de figue de barbarie, l\u2019huile d\u2019argan et l\u2019huile de rose de musqu\u00e9e. Elle est riche en Aloe Vera, l\u2019acide hyaluronique \u00e0 haute poids mol\u00e9culaire et le collag\u00e8ne marin qui repulpe la peau et aide \u00e0 diminuer les rides et les ridules.<\/span><\/p>\n","protected":false},"excerpt":{"rendered":"<p><span class=\"fontstyle0\">La cr\u00e8me Anti-Rides est hautement concentr\u00e9e en actifs v\u00e9g\u00e9taux pr\u00e9cieux tel que l\u2019huile d\u2019amande douce, l\u2019huile de p\u00e9pin de figue de barbarie, l\u2019huile d\u2019argan et l\u2019huile de rose de musqu\u00e9e. Elle est riche en Aloe Vera, l\u2019acide hyaluronique \u00e0 haute poids mol\u00e9culaire et le collag\u00e8ne marin qui repulpe la peau et aide \u00e0 diminuer les rides et les ridules.<\/span><\/p>\n","protected":false},"featured_media":430,"comment_status":"open","ping_status":"closed","template":"","meta":[],"product_cat":[71],"product_tag":[],"class_list":{"0":"post-427","1":"product","2":"type-product","3":"status-publish","4":"has-post-thumbnail","6":"product_cat-soin-visage","8":"first","9":"instock","10":"shipping-taxable","11":"product-type-simple"},"_links":{"self":[{"href":"https:\/\/spirualoe.com\/index.php?rest_route=\/wp\/v2\/product\/427","targetHints":{"allow":["GET"]}}],"collection":[{"href":"https:\/\/spirualoe.com\/index.php?rest_route=\/wp\/v2\/product"}],"about":[{"href":"https:\/\/spirualoe.com\/index.php?rest_route=\/wp\/v2\/types\/product"}],"replies":[{"embeddable":true,"href":"https:\/\/spirualoe.com\/index.php?rest_route=%2Fwp%2Fv2%2Fcomments&post=427"}],"wp:featuredmedia":[{"embeddable":true,"href":"https:\/\/spirualoe.com\/index.php?rest_route=\/wp\/v2\/media\/430"}],"wp:attachment":[{"href":"https:\/\/spirualoe.com\/index.php?rest_route=%2Fwp%2Fv2%2Fmedia&parent=427"}],"wp:term":[{"taxonomy":"product_cat","embeddable":true,"href":"https:\/\/spirualoe.com\/index.php?rest_route=%2Fwp%2Fv2%2Fproduct_cat&post=427"},{"taxonomy":"product_tag","embeddable":true,"href":"https:\/\/spirualoe.com\/index.php?rest_route=%2Fwp%2Fv2%2Fproduct_tag&post=427"}],"curies":[{"name":"wp","href":"https:\/\/api.w.org\/{rel}","templated":true}]}}