{"id":425,"date":"2024-02-27T08:49:41","date_gmt":"2024-02-27T08:49:41","guid":{"rendered":"https:\/\/spirualoe.com\/?post_type=product&#038;p=425"},"modified":"2025-04-26T01:27:24","modified_gmt":"2025-04-26T01:27:24","slug":"gel-fortifiant-cils-et-sourcils","status":"publish","type":"product","link":"https:\/\/spirualoe.com\/?product=gel-fortifiant-cils-et-sourcils","title":{"rendered":"Gel Fortifiant Cils et Sourcils"},"content":{"rendered":"<p><span class=\"fontstyle0\">Ce GEL FORTIFIANT CILS et SOURCILS est recommand\u00e9 aux cils et sourcils trop courts ou d\u00e9ficients. Il prot\u00e8ge et renforce la tige ciliaire. Ce produit limite la chute des cils et sourcils et permet de stimuler leur repousse. Il convient aux cils et sourcils fragilis\u00e9s, trop courts, trop fins, peu fournis. Il convient aux yeux sensibles et aux porteurs de lentilles.<\/span><\/p>\n<p>&nbsp;<\/p>\n<p><span class=\"fontstyle0\">This EYELASH and EYEBROW FORTIFYING GEL is recommended for too short or deficient eyelashes and eyebrows. It protects and strengthens the ciliary stem. This product limits the fall of eyelashes and eyebrows and stimulates their regrowth. It is suitable for weakened, too short, too thin, sparse eyelashes and eyebrows. It is suitable for sensitive eyes and contact lens wearers.<\/span><\/p>\n","protected":false},"excerpt":{"rendered":"<p><span class=\"fontstyle0\">Ce GEL FORTIFIANT CILS et SOURCILS est recommand\u00e9 aux cils et sourcils trop courts ou d\u00e9ficients. Il prot\u00e8ge et renforce la tige ciliaire. Ce produit limite la chute des cils et sourcils et permet de stimuler leur repousse. Il convient aux cils et sourcils fragilis\u00e9s, trop courts, trop fins, peu fournis. Il convient aux yeux sensibles et aux porteurs de lentilles.<\/span><\/p>\n<p>&nbsp;<\/p>\n<p><span class=\"fontstyle0\">This EYELASH and EYEBROW FORTIFYING GEL is recommended for too short or deficient eyelashes and eyebrows. It protects and strengthens the ciliary stem. This product limits the fall of eyelashes and eyebrows and stimulates their regrowth. It is suitable for weakened, too short, too thin, sparse eyelashes and eyebrows. It is suitable for sensitive eyes and contact lens wearers.<\/span><\/p>\n","protected":false},"featured_media":426,"comment_status":"open","ping_status":"closed","template":"","meta":[],"product_cat":[71],"product_tag":[],"class_list":{"0":"post-425","1":"product","2":"type-product","3":"status-publish","4":"has-post-thumbnail","6":"product_cat-soin-visage","8":"first","9":"instock","10":"shipping-taxable","11":"product-type-simple"},"_links":{"self":[{"href":"https:\/\/spirualoe.com\/index.php?rest_route=\/wp\/v2\/product\/425","targetHints":{"allow":["GET"]}}],"collection":[{"href":"https:\/\/spirualoe.com\/index.php?rest_route=\/wp\/v2\/product"}],"about":[{"href":"https:\/\/spirualoe.com\/index.php?rest_route=\/wp\/v2\/types\/product"}],"replies":[{"embeddable":true,"href":"https:\/\/spirualoe.com\/index.php?rest_route=%2Fwp%2Fv2%2Fcomments&post=425"}],"wp:featuredmedia":[{"embeddable":true,"href":"https:\/\/spirualoe.com\/index.php?rest_route=\/wp\/v2\/media\/426"}],"wp:attachment":[{"href":"https:\/\/spirualoe.com\/index.php?rest_route=%2Fwp%2Fv2%2Fmedia&parent=425"}],"wp:term":[{"taxonomy":"product_cat","embeddable":true,"href":"https:\/\/spirualoe.com\/index.php?rest_route=%2Fwp%2Fv2%2Fproduct_cat&post=425"},{"taxonomy":"product_tag","embeddable":true,"href":"https:\/\/spirualoe.com\/index.php?rest_route=%2Fwp%2Fv2%2Fproduct_tag&post=425"}],"curies":[{"name":"wp","href":"https:\/\/api.w.org\/{rel}","templated":true}]}}