{"id":358,"date":"2024-01-09T16:32:23","date_gmt":"2024-01-09T16:32:23","guid":{"rendered":"https:\/\/spirualoe.com\/?post_type=product&#038;p=358"},"modified":"2025-04-26T01:26:16","modified_gmt":"2025-04-26T01:26:16","slug":"gel-de-gommage","status":"publish","type":"product","link":"https:\/\/spirualoe.com\/?product=gel-de-gommage","title":{"rendered":"GEL DE GOMMAGE"},"content":{"rendered":"<p><span class=\"fontstyle0\">Gommage pour le corps exfoliant et hydratant \u00e0 la texture douce gr\u00e2ce \u00e0 la pr\u00e9sence de poudre de gommage : pepins de figue de Barbarie.<\/span><\/p>\n<p><span class=\"fontstyle0\">Gommage naturel, id\u00e9al pour n\u2019importe quel type de peau<\/span><\/p>\n<p><span class=\"fontstyle0\">Appliquer sous la douche :<\/span><\/p>\n<p><span class=\"fontstyle0\">CONSEILS D\u2019UTILISATION<\/span><\/p>\n<p>&nbsp;<\/p>\n<p><span class=\"fontstyle2\">&#8211; <\/span><span class=\"fontstyle0\">Une fois par semaine pour la peau grasse<\/span><\/p>\n<p>&nbsp;<\/p>\n<p><span class=\"fontstyle2\">&#8211; <\/span><span class=\"fontstyle0\">Deux fois par mois pour la peau mixte<\/span><\/p>\n<p>&nbsp;<\/p>\n<p><span class=\"fontstyle2\">&#8211; <\/span><span class=\"fontstyle0\">Une fois par mois pour la peau sensible et s\u00e8che.<\/span><\/p>\n<p>&nbsp;<\/p>\n<p><span class=\"fontstyle0\">Massez-la en faisant des mouvements circulaires sur la poitrine, le ventre, le dos, les fesses et les autres parties du corps. Commencez par le haut du corps et appliquez le go<\/span><span class=\"fontstyle0\">mmage vers le bas.<\/span><\/p>\n","protected":false},"excerpt":{"rendered":"<p><span class=\"fontstyle0\">Gommage pour le corps exfoliant et hydratant \u00e0 la texture douce gr\u00e2ce \u00e0 la pr\u00e9sence de poudre de gommage : pepins de figue de Barbarie.<\/span><\/p>\n<p><span class=\"fontstyle0\">Gommage naturel, id\u00e9al pour n\u2019importe quel type de peau<\/span><\/p>\n","protected":false},"featured_media":361,"comment_status":"open","ping_status":"closed","template":"","meta":[],"product_cat":[70],"product_tag":[],"class_list":{"0":"post-358","1":"product","2":"type-product","3":"status-publish","4":"has-post-thumbnail","6":"product_cat-nettoyage","8":"first","9":"instock","10":"shipping-taxable","11":"product-type-simple"},"_links":{"self":[{"href":"https:\/\/spirualoe.com\/index.php?rest_route=\/wp\/v2\/product\/358","targetHints":{"allow":["GET"]}}],"collection":[{"href":"https:\/\/spirualoe.com\/index.php?rest_route=\/wp\/v2\/product"}],"about":[{"href":"https:\/\/spirualoe.com\/index.php?rest_route=\/wp\/v2\/types\/product"}],"replies":[{"embeddable":true,"href":"https:\/\/spirualoe.com\/index.php?rest_route=%2Fwp%2Fv2%2Fcomments&post=358"}],"wp:featuredmedia":[{"embeddable":true,"href":"https:\/\/spirualoe.com\/index.php?rest_route=\/wp\/v2\/media\/361"}],"wp:attachment":[{"href":"https:\/\/spirualoe.com\/index.php?rest_route=%2Fwp%2Fv2%2Fmedia&parent=358"}],"wp:term":[{"taxonomy":"product_cat","embeddable":true,"href":"https:\/\/spirualoe.com\/index.php?rest_route=%2Fwp%2Fv2%2Fproduct_cat&post=358"},{"taxonomy":"product_tag","embeddable":true,"href":"https:\/\/spirualoe.com\/index.php?rest_route=%2Fwp%2Fv2%2Fproduct_tag&post=358"}],"curies":[{"name":"wp","href":"https:\/\/api.w.org\/{rel}","templated":true}]}}