{"id":355,"date":"2024-01-09T15:17:44","date_gmt":"2024-01-09T15:17:44","guid":{"rendered":"https:\/\/spirualoe.com\/?post_type=product&#038;p=355"},"modified":"2025-04-26T01:25:55","modified_gmt":"2025-04-26T01:25:55","slug":"eau-micellaire","status":"publish","type":"product","link":"https:\/\/spirualoe.com\/?product=eau-micellaire","title":{"rendered":"Eau micellaire"},"content":{"rendered":"<p><span class=\"fontstyle0\">L&rsquo;eau micellaire est un nettoyant qui contient des micelles. Ces mol\u00e9cules tensioactives en suspension sont hydrophiles et ol\u00e9ophiles qui attirent l&rsquo;eau, l&rsquo;huile et la salet\u00e9 qui les accompagnent. Il convient \u00e0 toutes les zones du visage m\u00eame le contour des yeux.<\/span><\/p>\n","protected":false},"excerpt":{"rendered":"<p><span class=\"fontstyle0\">L&rsquo;eau micellaire est un nettoyant qui contient des micelles. Ces mol\u00e9cules tensioactives en suspension sont hydrophiles et ol\u00e9ophiles qui attirent l&rsquo;eau, l&rsquo;huile et la salet\u00e9 qui les accompagnent. Il convient \u00e0 toutes les zones du visage m\u00eame le contour des yeux.<\/span><\/p>\n","protected":false},"featured_media":356,"comment_status":"open","ping_status":"closed","template":"","meta":[],"product_cat":[70],"product_tag":[],"class_list":{"0":"post-355","1":"product","2":"type-product","3":"status-publish","4":"has-post-thumbnail","6":"product_cat-nettoyage","8":"first","9":"instock","10":"shipping-taxable","11":"product-type-simple"},"_links":{"self":[{"href":"https:\/\/spirualoe.com\/index.php?rest_route=\/wp\/v2\/product\/355","targetHints":{"allow":["GET"]}}],"collection":[{"href":"https:\/\/spirualoe.com\/index.php?rest_route=\/wp\/v2\/product"}],"about":[{"href":"https:\/\/spirualoe.com\/index.php?rest_route=\/wp\/v2\/types\/product"}],"replies":[{"embeddable":true,"href":"https:\/\/spirualoe.com\/index.php?rest_route=%2Fwp%2Fv2%2Fcomments&post=355"}],"wp:featuredmedia":[{"embeddable":true,"href":"https:\/\/spirualoe.com\/index.php?rest_route=\/wp\/v2\/media\/356"}],"wp:attachment":[{"href":"https:\/\/spirualoe.com\/index.php?rest_route=%2Fwp%2Fv2%2Fmedia&parent=355"}],"wp:term":[{"taxonomy":"product_cat","embeddable":true,"href":"https:\/\/spirualoe.com\/index.php?rest_route=%2Fwp%2Fv2%2Fproduct_cat&post=355"},{"taxonomy":"product_tag","embeddable":true,"href":"https:\/\/spirualoe.com\/index.php?rest_route=%2Fwp%2Fv2%2Fproduct_tag&post=355"}],"curies":[{"name":"wp","href":"https:\/\/api.w.org\/{rel}","templated":true}]}}