{"id":353,"date":"2024-01-09T15:10:21","date_gmt":"2024-01-09T15:10:21","guid":{"rendered":"https:\/\/spirualoe.com\/?post_type=product&#038;p=353"},"modified":"2024-01-11T11:03:14","modified_gmt":"2024-01-11T11:03:14","slug":"gel-nettoyant-visage","status":"publish","type":"product","link":"https:\/\/spirualoe.com\/?product=gel-nettoyant-visage","title":{"rendered":"Gel Nettoyant Visage"},"content":{"rendered":"<p><span class=\"fontstyle0\">Le gel nettoyant est un soin moussant utilis\u00e9 pour d\u00e9loger tout en douceur les impuret\u00e9s qui s&rsquo;accrochent<\/span><\/p>\n<p><span class=\"fontstyle0\">au film hydrolipidique (particules de pollution, poussi\u00e8res, s\u00e9bum, sueur&#8230;), le tout sans d\u00e9caper la peau.<\/span><\/p>\n","protected":false},"excerpt":{"rendered":"<p><span class=\"fontstyle0\">Le gel nettoyant est un soin moussant utilis\u00e9 pour d\u00e9loger tout en douceur les impuret\u00e9s qui s&rsquo;accrochent<\/span><\/p>\n<p><span class=\"fontstyle0\">au film hydrolipidique (particules de pollution, poussi\u00e8res, s\u00e9bum, sueur&#8230;), le tout sans d\u00e9caper la peau.<\/span><\/p>\n","protected":false},"featured_media":354,"comment_status":"open","ping_status":"closed","template":"","meta":[],"product_cat":[70],"product_tag":[],"class_list":{"0":"post-353","1":"product","2":"type-product","3":"status-publish","4":"has-post-thumbnail","6":"product_cat-nettoyage","8":"first","9":"instock","10":"shipping-taxable","11":"product-type-simple"},"_links":{"self":[{"href":"https:\/\/spirualoe.com\/index.php?rest_route=\/wp\/v2\/product\/353","targetHints":{"allow":["GET"]}}],"collection":[{"href":"https:\/\/spirualoe.com\/index.php?rest_route=\/wp\/v2\/product"}],"about":[{"href":"https:\/\/spirualoe.com\/index.php?rest_route=\/wp\/v2\/types\/product"}],"replies":[{"embeddable":true,"href":"https:\/\/spirualoe.com\/index.php?rest_route=%2Fwp%2Fv2%2Fcomments&post=353"}],"wp:featuredmedia":[{"embeddable":true,"href":"https:\/\/spirualoe.com\/index.php?rest_route=\/wp\/v2\/media\/354"}],"wp:attachment":[{"href":"https:\/\/spirualoe.com\/index.php?rest_route=%2Fwp%2Fv2%2Fmedia&parent=353"}],"wp:term":[{"taxonomy":"product_cat","embeddable":true,"href":"https:\/\/spirualoe.com\/index.php?rest_route=%2Fwp%2Fv2%2Fproduct_cat&post=353"},{"taxonomy":"product_tag","embeddable":true,"href":"https:\/\/spirualoe.com\/index.php?rest_route=%2Fwp%2Fv2%2Fproduct_tag&post=353"}],"curies":[{"name":"wp","href":"https:\/\/api.w.org\/{rel}","templated":true}]}}