{"id":277,"date":"2024-01-08T17:40:11","date_gmt":"2024-01-08T17:40:11","guid":{"rendered":"https:\/\/spirualoe.com\/?post_type=product&#038;p=277"},"modified":"2024-01-11T11:04:44","modified_gmt":"2024-01-11T11:04:44","slug":"gel-et-pulpe-nature","status":"publish","type":"product","link":"https:\/\/spirualoe.com\/?product=gel-et-pulpe-nature","title":{"rendered":"Gel et Pulpe Nature"},"content":{"rendered":"<h4>SANTE .BIEN-ETRE<\/h4>\n<h4>MINCEUR .TONUS\u2013VITALITE<\/h4>\n<h5>ALOE VERA, LA PLANTE AUX MULTIPLES VERTUS\u2026<\/h5>\n<p>Gel &amp; Pulpe Aloe Vera contient tous les actifs naturels de la plante, stimule les d\u00e9fenses naturelles de l\u2019organisme et cicatrise. L\u2019Aloe Vera favorise l\u2019\u00e9limination des toxines et soulage les crampes d\u2019estomac et les maux gastriques, tout en stimulant la digestion. Cette plante remarquable est recommand\u00e9e aux diab\u00e9tiques, et aux personnes souffrant d\u2019allergies, de constipation, de cholest\u00e9rol, de probl\u00e8mes cardiaques\u2026<\/p>\n<h5>FONTAINE DE JOUVENCE ET SOURCE DE JEUNESSE.<\/h5>\n<p>La composition unique de Gel &amp; Pulpe Aloe Vera permet d\u2019apporter un ensemble de nutriments dont l\u2019organisme a besoin au quotidien pour se d\u00e9fendre.<\/p>\n<p>Tonique g\u00e9n\u00e9ral pour l\u2019organisme et une bonne sant\u00e9, d\u00e9stresse et diminue la fatigue.<\/p>\n<p>Apaisant et cicatrisant de la peau et des muqueuses.<\/p>\n<p>Aide et stimule la digestion, avec effets positifs sur la flore intestinale.<\/p>\n<p>Renferme de nombreuses vitamines, fibres, min\u00e9raux et oligo\u00e9l\u00e9ments indispensables \u00e0 l\u2019organisme.<\/p>\n<p>Gel &amp; Pulpe Aloe Vera, revitalisant et r\u00e9g\u00e9n\u00e9rant, favorise le bon fonctionnement de votre organisme et vous aide \u00e0 rester en pleine forme.<\/p>\n<h5>GEL &amp; PULPE ALOE VERA, UNE SOURCE DE BIEN-\u00caTRE<\/h5>\n","protected":false},"excerpt":{"rendered":"<p>Gel &amp; Pulpe Aloe Vera contient tous les actifs naturels de la plante, stimule les d\u00e9fenses naturelles de l\u2019organisme et cicatrise. L\u2019Aloe Vera favorise l\u2019\u00e9limination des toxines et soulage les crampes d\u2019estomac et les maux gastriques, tout en stimulant la digestion. Cette plante remarquable est recommand\u00e9e aux diab\u00e9tiques, et aux personnes souffrant d\u2019allergies, de constipation, de cholest\u00e9rol, de probl\u00e8mes cardiaques\u2026<\/p>\n","protected":false},"featured_media":278,"comment_status":"open","ping_status":"closed","template":"","meta":[],"product_cat":[69],"product_tag":[],"class_list":{"0":"post-277","1":"product","2":"type-product","3":"status-publish","4":"has-post-thumbnail","6":"product_cat-complements-alimentaires","8":"first","9":"instock","10":"shipping-taxable","11":"product-type-simple"},"_links":{"self":[{"href":"https:\/\/spirualoe.com\/index.php?rest_route=\/wp\/v2\/product\/277","targetHints":{"allow":["GET"]}}],"collection":[{"href":"https:\/\/spirualoe.com\/index.php?rest_route=\/wp\/v2\/product"}],"about":[{"href":"https:\/\/spirualoe.com\/index.php?rest_route=\/wp\/v2\/types\/product"}],"replies":[{"embeddable":true,"href":"https:\/\/spirualoe.com\/index.php?rest_route=%2Fwp%2Fv2%2Fcomments&post=277"}],"wp:featuredmedia":[{"embeddable":true,"href":"https:\/\/spirualoe.com\/index.php?rest_route=\/wp\/v2\/media\/278"}],"wp:attachment":[{"href":"https:\/\/spirualoe.com\/index.php?rest_route=%2Fwp%2Fv2%2Fmedia&parent=277"}],"wp:term":[{"taxonomy":"product_cat","embeddable":true,"href":"https:\/\/spirualoe.com\/index.php?rest_route=%2Fwp%2Fv2%2Fproduct_cat&post=277"},{"taxonomy":"product_tag","embeddable":true,"href":"https:\/\/spirualoe.com\/index.php?rest_route=%2Fwp%2Fv2%2Fproduct_tag&post=277"}],"curies":[{"name":"wp","href":"https:\/\/api.w.org\/{rel}","templated":true}]}}