{"id":92,"date":"2013-08-11T19:06:15","date_gmt":"2013-08-11T19:06:15","guid":{"rendered":"http:\/\/localhost:8888\/test\/?page_id=520"},"modified":"2024-01-10T16:33:49","modified_gmt":"2024-01-10T16:33:49","slug":"about","status":"publish","type":"page","link":"https:\/\/spirualoe.com\/?page_id=92","title":{"rendered":"A propos"},"content":{"rendered":"\n\n  <div class=\"banner has-hover has-parallax\" id=\"banner-158035430\">\n          <div class=\"banner-inner fill\">\n        <div class=\"banner-bg fill\" data-parallax=\"-3\" data-parallax-container=\".banner\" data-parallax-background>\n            <div class=\"bg fill bg-fill \"><\/div>\n                        <div class=\"overlay\"><\/div>            \n                    <\/div>\n\t\t\n        <div class=\"banner-layers container\">\n            <div class=\"fill banner-link\"><\/div>            \n\n   <div id=\"text-box-1511267402\" class=\"text-box banner-layer x50 md-x50 lg-x50 y75 md-y75 lg-y75 res-text\">\n                                <div class=\"text-box-content text dark\">\n              \n              <div class=\"text-inner text-center\">\n                  \n\n<h1 class=\"lead\">SpiruAloe<\/h1>\n<p class=\"lead\">SpiruAloe exploite une plantation d\u2019Aloe Vera de 30 ha conform\u00e9ment aux normes de l\u2019agriculture biologique et produit des extraits et des jus d&rsquo;Aloe Vera bio de la plus haute qualit\u00e9, 100% purs et naturel.<\/p>\n\n              <\/div>\n           <\/div>\n                            \n<style>\n#text-box-1511267402 {\n  width: 60%;\n}\n#text-box-1511267402 .text-box-content {\n  font-size: 100%;\n}\n<\/style>\n    <\/div>\n \n\n        <\/div>\n      <\/div>\n\n            \n<style>\n#banner-158035430 {\n  padding-top: 507px;\n}\n#banner-158035430 .bg.bg-loaded {\n  background-image: url(https:\/\/spirualoe.com\/wp-content\/uploads\/2024\/01\/averalocal-1067x800.png);\n}\n#banner-158035430 .overlay {\n  background-color: rgba(0, 0, 0, 0.49);\n}\n<\/style>\n  <\/div>\n\n\n<div class=\"row\"  id=\"row-155434846\">\n\n\n\t<div id=\"col-1989734366\" class=\"col small-12 large-12\"  >\n\t\t\t\t<div class=\"col-inner\"  >\n\t\t\t\n\t\t\t\n\n<p class=\"lead text-center\"><strong>SpiruAloe<\/strong> Jeune entreprise fond\u00e9e en 2017, SpiruAloeexploite une plantation d\u2019Aloe Vera de 30 ha conform\u00e9ment aux normes de l\u2019agriculture biologique et produit des extraits et des jus d&rsquo;Aloe Vera bio de la plus haute qualit\u00e9, 100% purs et naturels.<\/p>\n<p>SpiruAloe se concentre particuli\u00e8rement sur la culture naturelle et le maintien d\u2019une qualit\u00e9 constante d\u2019Aloe Vera tout au long de l\u2019ann\u00e9e; le filet d&rsquo;Aloe Vera est s\u00e9par\u00e9 MANUELLEMENT de la feuille avec le plus grand soin.<\/p>\n<p>SpiruAloe a \u00e9galement mis en place un laboratoire qui d\u00e9veloppe et produit des compl\u00e9ments alimentaires naturels, des produits di\u00e9t\u00e9tiques \u00e0 base de prot\u00e9ines v\u00e9g\u00e9tales, des produits pour diab\u00e9tiques, ainsi que des produits de soin de la peau.<\/p>\n<p>Nos produits r\u00e9pondent aux crit\u00e8res stricts de la r\u00e9glementation pharmaceutique et aux normes destin\u00e9es \u00e0 maintenir ou r\u00e9tablir l&rsquo;\u00e9quilibre naturel de l&rsquo;organism<\/p>\n\n<div class=\"text-center\"><div class=\"is-divider divider clearfix\" ><\/div><\/div>\n\n\n\t\t<\/div>\n\t\t\t\t\t<\/div>\n\n\t\n\n<\/div>\n\n","protected":false},"excerpt":{"rendered":"","protected":false},"author":1,"featured_media":18,"parent":53,"menu_order":0,"comment_status":"closed","ping_status":"closed","template":"","meta":{"footnotes":""},"class_list":["post-92","page","type-page","status-publish","has-post-thumbnail","hentry"],"_links":{"self":[{"href":"https:\/\/spirualoe.com\/index.php?rest_route=\/wp\/v2\/pages\/92","targetHints":{"allow":["GET"]}}],"collection":[{"href":"https:\/\/spirualoe.com\/index.php?rest_route=\/wp\/v2\/pages"}],"about":[{"href":"https:\/\/spirualoe.com\/index.php?rest_route=\/wp\/v2\/types\/page"}],"author":[{"embeddable":true,"href":"https:\/\/spirualoe.com\/index.php?rest_route=\/wp\/v2\/users\/1"}],"replies":[{"embeddable":true,"href":"https:\/\/spirualoe.com\/index.php?rest_route=%2Fwp%2Fv2%2Fcomments&post=92"}],"version-history":[{"count":3,"href":"https:\/\/spirualoe.com\/index.php?rest_route=\/wp\/v2\/pages\/92\/revisions"}],"predecessor-version":[{"id":389,"href":"https:\/\/spirualoe.com\/index.php?rest_route=\/wp\/v2\/pages\/92\/revisions\/389"}],"up":[{"embeddable":true,"href":"https:\/\/spirualoe.com\/index.php?rest_route=\/wp\/v2\/pages\/53"}],"wp:featuredmedia":[{"embeddable":true,"href":"https:\/\/spirualoe.com\/index.php?rest_route=\/wp\/v2\/media\/18"}],"wp:attachment":[{"href":"https:\/\/spirualoe.com\/index.php?rest_route=%2Fwp%2Fv2%2Fmedia&parent=92"}],"curies":[{"name":"wp","href":"https:\/\/api.w.org\/{rel}","templated":true}]}}